{"id":12390,"date":"2025-08-27T11:04:35","date_gmt":"2025-08-27T08:04:35","guid":{"rendered":"https:\/\/www.homad.eu\/?post_type=product&#038;p=12390"},"modified":"2026-02-27T11:04:48","modified_gmt":"2026-02-27T09:04:48","slug":"primo-coffee-the-new-chapter-2026","status":"publish","type":"product","link":"https:\/\/www.homad.eu\/en\/product\/primo-coffee-the-new-chapter-2026\/","title":{"rendered":"Primo coffee &#8211; The new chapter 2026"},"excerpt":{"rendered":"<p>Coffee table made of oak, walnut, eucalyptus or lacquered wood in various colours. Primo square or round coffee is available with ceramic surface in different sizes and in combination of materials or colors.<\/p>\n<p>Dimensions Primo square (in cm): 100x100x37H, 120x120x37H, 140x140x37H<\/p>\n<p>Dimensions Primo round (in cm): \u00d880, \u00d8100, \u00d8120, \u00d8140 x37H<\/p>\n","protected":false},"featured_media":12398,"template":"","product_cat":[816,812],"product_tag":[],"class_list":["post-12390","product","type-product","status-publish","has-post-thumbnail","hentry","product_cat-coffee-tables","product_cat-living-room"],"acf":[],"yoast_head":"<!-- This site is optimized with the Yoast SEO plugin v27.3 - https:\/\/yoast.com\/product\/yoast-seo-wordpress\/ -->\n<title>Primo coffee - The new chapter 2026 - homad<\/title>\n<meta name=\"robots\" content=\"index, follow, max-snippet:-1, max-image-preview:large, max-video-preview:-1\" \/>\n<link rel=\"canonical\" href=\"https:\/\/www.homad.eu\/en\/product\/primo-coffee-the-new-chapter-2026\/\" \/>\n<meta property=\"og:locale\" content=\"en_US\" \/>\n<meta property=\"og:type\" content=\"article\" \/>\n<meta property=\"og:title\" content=\"Primo coffee - The new chapter 2026 - homad\" \/>\n<meta property=\"og:description\" content=\"Coffee table made of oak, walnut, eucalyptus or lacquered wood in various colours. Primo square or round coffee is available with ceramic surface in different sizes and in combination of materials or colors.  Dimensions Primo square (in cm): 100x100x37H, 120x120x37H, 140x140x37H  Dimensions Primo round (in cm): \u00d880, \u00d8100, \u00d8120, \u00d8140 x37H\" \/>\n<meta property=\"og:url\" content=\"https:\/\/www.homad.eu\/en\/product\/primo-coffee-the-new-chapter-2026\/\" \/>\n<meta property=\"og:site_name\" content=\"homad\" \/>\n<meta property=\"article:modified_time\" content=\"2026-02-27T09:04:48+00:00\" \/>\n<meta property=\"og:image\" content=\"https:\/\/www.homad.eu\/wp-content\/uploads\/2025\/08\/Primo-square-1200x1200-i.jpg\" \/>\n\t<meta property=\"og:image:width\" content=\"1200\" \/>\n\t<meta property=\"og:image:height\" content=\"1200\" \/>\n\t<meta property=\"og:image:type\" content=\"image\/jpeg\" \/>\n<meta name=\"twitter:card\" content=\"summary_large_image\" \/>\n<meta name=\"twitter:label1\" content=\"Est. reading time\" \/>\n\t<meta name=\"twitter:data1\" content=\"1 minute\" \/>\n<script type=\"application\/ld+json\" class=\"yoast-schema-graph\">{\"@context\":\"https:\\\/\\\/schema.org\",\"@graph\":[{\"@type\":\"WebPage\",\"@id\":\"https:\\\/\\\/www.homad.eu\\\/en\\\/product\\\/primo-coffee-the-new-chapter-2026\\\/\",\"url\":\"https:\\\/\\\/www.homad.eu\\\/en\\\/product\\\/primo-coffee-the-new-chapter-2026\\\/\",\"name\":\"Primo coffee - The new chapter 2026 - homad\",\"isPartOf\":{\"@id\":\"https:\\\/\\\/www.homad.eu\\\/#website\"},\"primaryImageOfPage\":{\"@id\":\"https:\\\/\\\/www.homad.eu\\\/en\\\/product\\\/primo-coffee-the-new-chapter-2026\\\/#primaryimage\"},\"image\":{\"@id\":\"https:\\\/\\\/www.homad.eu\\\/en\\\/product\\\/primo-coffee-the-new-chapter-2026\\\/#primaryimage\"},\"thumbnailUrl\":\"https:\\\/\\\/www.homad.eu\\\/wp-content\\\/uploads\\\/2025\\\/08\\\/Primo-square-1200x1200-i.jpg\",\"datePublished\":\"2025-08-27T08:04:35+00:00\",\"dateModified\":\"2026-02-27T09:04:48+00:00\",\"breadcrumb\":{\"@id\":\"https:\\\/\\\/www.homad.eu\\\/en\\\/product\\\/primo-coffee-the-new-chapter-2026\\\/#breadcrumb\"},\"inLanguage\":\"en-US\",\"potentialAction\":[{\"@type\":\"ReadAction\",\"target\":[\"https:\\\/\\\/www.homad.eu\\\/en\\\/product\\\/primo-coffee-the-new-chapter-2026\\\/\"]}]},{\"@type\":\"ImageObject\",\"inLanguage\":\"en-US\",\"@id\":\"https:\\\/\\\/www.homad.eu\\\/en\\\/product\\\/primo-coffee-the-new-chapter-2026\\\/#primaryimage\",\"url\":\"https:\\\/\\\/www.homad.eu\\\/wp-content\\\/uploads\\\/2025\\\/08\\\/Primo-square-1200x1200-i.jpg\",\"contentUrl\":\"https:\\\/\\\/www.homad.eu\\\/wp-content\\\/uploads\\\/2025\\\/08\\\/Primo-square-1200x1200-i.jpg\",\"width\":1200,\"height\":1200},{\"@type\":\"BreadcrumbList\",\"@id\":\"https:\\\/\\\/www.homad.eu\\\/en\\\/product\\\/primo-coffee-the-new-chapter-2026\\\/#breadcrumb\",\"itemListElement\":[{\"@type\":\"ListItem\",\"position\":1,\"name\":\"\u0391\u03c1\u03c7\u03b9\u03ba\u03ae\",\"item\":\"https:\\\/\\\/www.homad.eu\\\/en\\\/\"},{\"@type\":\"ListItem\",\"position\":2,\"name\":\"Shop\",\"item\":\"https:\\\/\\\/www.homad.eu\\\/en\\\/shop\\\/\"},{\"@type\":\"ListItem\",\"position\":3,\"name\":\"Primo coffee &#8211; The new chapter 2026\"}]},{\"@type\":\"WebSite\",\"@id\":\"https:\\\/\\\/www.homad.eu\\\/#website\",\"url\":\"https:\\\/\\\/www.homad.eu\\\/\",\"name\":\"homad\",\"description\":\"\",\"potentialAction\":[{\"@type\":\"SearchAction\",\"target\":{\"@type\":\"EntryPoint\",\"urlTemplate\":\"https:\\\/\\\/www.homad.eu\\\/?s={search_term_string}\"},\"query-input\":{\"@type\":\"PropertyValueSpecification\",\"valueRequired\":true,\"valueName\":\"search_term_string\"}}],\"inLanguage\":\"en-US\"}]}<\/script>\n<!-- \/ Yoast SEO plugin. -->","yoast_head_json":{"title":"Primo coffee - The new chapter 2026 - homad","robots":{"index":"index","follow":"follow","max-snippet":"max-snippet:-1","max-image-preview":"max-image-preview:large","max-video-preview":"max-video-preview:-1"},"canonical":"https:\/\/www.homad.eu\/en\/product\/primo-coffee-the-new-chapter-2026\/","og_locale":"en_US","og_type":"article","og_title":"Primo coffee - The new chapter 2026 - homad","og_description":"Coffee table made of oak, walnut, eucalyptus or lacquered wood in various colours. Primo square or round coffee is available with ceramic surface in different sizes and in combination of materials or colors.  Dimensions Primo square (in cm): 100x100x37H, 120x120x37H, 140x140x37H  Dimensions Primo round (in cm): \u00d880, \u00d8100, \u00d8120, \u00d8140 x37H","og_url":"https:\/\/www.homad.eu\/en\/product\/primo-coffee-the-new-chapter-2026\/","og_site_name":"homad","article_modified_time":"2026-02-27T09:04:48+00:00","og_image":[{"width":1200,"height":1200,"url":"https:\/\/www.homad.eu\/wp-content\/uploads\/2025\/08\/Primo-square-1200x1200-i.jpg","type":"image\/jpeg"}],"twitter_card":"summary_large_image","twitter_misc":{"Est. reading time":"1 minute"},"schema":{"@context":"https:\/\/schema.org","@graph":[{"@type":"WebPage","@id":"https:\/\/www.homad.eu\/en\/product\/primo-coffee-the-new-chapter-2026\/","url":"https:\/\/www.homad.eu\/en\/product\/primo-coffee-the-new-chapter-2026\/","name":"Primo coffee - The new chapter 2026 - homad","isPartOf":{"@id":"https:\/\/www.homad.eu\/#website"},"primaryImageOfPage":{"@id":"https:\/\/www.homad.eu\/en\/product\/primo-coffee-the-new-chapter-2026\/#primaryimage"},"image":{"@id":"https:\/\/www.homad.eu\/en\/product\/primo-coffee-the-new-chapter-2026\/#primaryimage"},"thumbnailUrl":"https:\/\/www.homad.eu\/wp-content\/uploads\/2025\/08\/Primo-square-1200x1200-i.jpg","datePublished":"2025-08-27T08:04:35+00:00","dateModified":"2026-02-27T09:04:48+00:00","breadcrumb":{"@id":"https:\/\/www.homad.eu\/en\/product\/primo-coffee-the-new-chapter-2026\/#breadcrumb"},"inLanguage":"en-US","potentialAction":[{"@type":"ReadAction","target":["https:\/\/www.homad.eu\/en\/product\/primo-coffee-the-new-chapter-2026\/"]}]},{"@type":"ImageObject","inLanguage":"en-US","@id":"https:\/\/www.homad.eu\/en\/product\/primo-coffee-the-new-chapter-2026\/#primaryimage","url":"https:\/\/www.homad.eu\/wp-content\/uploads\/2025\/08\/Primo-square-1200x1200-i.jpg","contentUrl":"https:\/\/www.homad.eu\/wp-content\/uploads\/2025\/08\/Primo-square-1200x1200-i.jpg","width":1200,"height":1200},{"@type":"BreadcrumbList","@id":"https:\/\/www.homad.eu\/en\/product\/primo-coffee-the-new-chapter-2026\/#breadcrumb","itemListElement":[{"@type":"ListItem","position":1,"name":"\u0391\u03c1\u03c7\u03b9\u03ba\u03ae","item":"https:\/\/www.homad.eu\/en\/"},{"@type":"ListItem","position":2,"name":"Shop","item":"https:\/\/www.homad.eu\/en\/shop\/"},{"@type":"ListItem","position":3,"name":"Primo coffee &#8211; The new chapter 2026"}]},{"@type":"WebSite","@id":"https:\/\/www.homad.eu\/#website","url":"https:\/\/www.homad.eu\/","name":"homad","description":"","potentialAction":[{"@type":"SearchAction","target":{"@type":"EntryPoint","urlTemplate":"https:\/\/www.homad.eu\/?s={search_term_string}"},"query-input":{"@type":"PropertyValueSpecification","valueRequired":true,"valueName":"search_term_string"}}],"inLanguage":"en-US"}]}},"_links":{"self":[{"href":"https:\/\/www.homad.eu\/en\/wp-json\/wp\/v2\/product\/12390","targetHints":{"allow":["GET"]}}],"collection":[{"href":"https:\/\/www.homad.eu\/en\/wp-json\/wp\/v2\/product"}],"about":[{"href":"https:\/\/www.homad.eu\/en\/wp-json\/wp\/v2\/types\/product"}],"wp:featuredmedia":[{"embeddable":true,"href":"https:\/\/www.homad.eu\/en\/wp-json\/wp\/v2\/media\/12398"}],"wp:attachment":[{"href":"https:\/\/www.homad.eu\/en\/wp-json\/wp\/v2\/media?parent=12390"}],"wp:term":[{"taxonomy":"product_cat","embeddable":true,"href":"https:\/\/www.homad.eu\/en\/wp-json\/wp\/v2\/product_cat?post=12390"},{"taxonomy":"product_tag","embeddable":true,"href":"https:\/\/www.homad.eu\/en\/wp-json\/wp\/v2\/product_tag?post=12390"}],"curies":[{"name":"wp","href":"https:\/\/api.w.org\/{rel}","templated":true}]}}