{"id":4581,"date":"2021-06-14T15:09:14","date_gmt":"2021-06-14T12:09:14","guid":{"rendered":"https:\/\/www.homad.eu\/product\/oscar\/"},"modified":"2024-12-10T15:46:14","modified_gmt":"2024-12-10T13:46:14","slug":"oscar","status":"publish","type":"product","link":"https:\/\/www.homad.eu\/en\/product\/oscar\/","title":{"rendered":"Oscar"},"excerpt":{"rendered":"<p>Coffee tables with a metal base in powder coating (various colours), copper or brass. The table surface can be in ceramic (matte or glossy), walnut, smoked eucalyptus, oak or lacquered wood in different colours.<\/p>\n<p>Dimensions (in cm): Oval 120xW80xH30, Round \u00d8100 H 37, \u00d880 H37 , \u00d860 H41 and \u00d845 H45<\/p>\n","protected":false},"featured_media":10798,"template":"","product_cat":[3114,816,812],"product_tag":[],"class_list":["post-4581","product","type-product","status-publish","has-post-thumbnail","hentry","product_cat-configurator-en","product_cat-coffee-tables","product_cat-living-room"],"acf":[],"yoast_head":"<!-- This site is optimized with the Yoast SEO plugin v27.3 - https:\/\/yoast.com\/product\/yoast-seo-wordpress\/ -->\n<title>Oscar - homad<\/title>\n<meta name=\"robots\" content=\"index, follow, max-snippet:-1, max-image-preview:large, max-video-preview:-1\" \/>\n<link rel=\"canonical\" href=\"https:\/\/www.homad.eu\/en\/product\/oscar\/\" \/>\n<meta property=\"og:locale\" content=\"en_US\" \/>\n<meta property=\"og:type\" content=\"article\" \/>\n<meta property=\"og:title\" content=\"Oscar - homad\" \/>\n<meta property=\"og:description\" content=\"Coffee tables with a metal base in powder coating (various colours), copper or brass. The table surface can be in ceramic (matte or glossy), walnut, smoked eucalyptus, oak or lacquered wood in different colours.  Dimensions (in cm): Oval 120xW80xH30, Round \u00d8100 H 37, \u00d880 H37 , \u00d860 H41 and \u00d845 H45\" \/>\n<meta property=\"og:url\" content=\"https:\/\/www.homad.eu\/en\/product\/oscar\/\" \/>\n<meta property=\"og:site_name\" content=\"homad\" \/>\n<meta property=\"article:modified_time\" content=\"2024-12-10T13:46:14+00:00\" \/>\n<meta property=\"og:image\" content=\"https:\/\/www.homad.eu\/wp-content\/uploads\/2021\/06\/Oscar_List.jpg\" \/>\n\t<meta property=\"og:image:width\" content=\"1200\" \/>\n\t<meta property=\"og:image:height\" content=\"1200\" \/>\n\t<meta property=\"og:image:type\" content=\"image\/jpeg\" \/>\n<meta name=\"twitter:card\" content=\"summary_large_image\" \/>\n<meta name=\"twitter:label1\" content=\"Est. reading time\" \/>\n\t<meta name=\"twitter:data1\" content=\"1 minute\" \/>\n<script type=\"application\/ld+json\" class=\"yoast-schema-graph\">{\"@context\":\"https:\\\/\\\/schema.org\",\"@graph\":[{\"@type\":\"WebPage\",\"@id\":\"https:\\\/\\\/www.homad.eu\\\/en\\\/product\\\/oscar\\\/\",\"url\":\"https:\\\/\\\/www.homad.eu\\\/en\\\/product\\\/oscar\\\/\",\"name\":\"Oscar - homad\",\"isPartOf\":{\"@id\":\"https:\\\/\\\/www.homad.eu\\\/#website\"},\"primaryImageOfPage\":{\"@id\":\"https:\\\/\\\/www.homad.eu\\\/en\\\/product\\\/oscar\\\/#primaryimage\"},\"image\":{\"@id\":\"https:\\\/\\\/www.homad.eu\\\/en\\\/product\\\/oscar\\\/#primaryimage\"},\"thumbnailUrl\":\"https:\\\/\\\/www.homad.eu\\\/wp-content\\\/uploads\\\/2021\\\/06\\\/Oscar-1200x1200-1.jpg\",\"datePublished\":\"2021-06-14T12:09:14+00:00\",\"dateModified\":\"2024-12-10T13:46:14+00:00\",\"breadcrumb\":{\"@id\":\"https:\\\/\\\/www.homad.eu\\\/en\\\/product\\\/oscar\\\/#breadcrumb\"},\"inLanguage\":\"en-US\",\"potentialAction\":[{\"@type\":\"ReadAction\",\"target\":[\"https:\\\/\\\/www.homad.eu\\\/en\\\/product\\\/oscar\\\/\"]}]},{\"@type\":\"ImageObject\",\"inLanguage\":\"en-US\",\"@id\":\"https:\\\/\\\/www.homad.eu\\\/en\\\/product\\\/oscar\\\/#primaryimage\",\"url\":\"https:\\\/\\\/www.homad.eu\\\/wp-content\\\/uploads\\\/2021\\\/06\\\/Oscar-1200x1200-1.jpg\",\"contentUrl\":\"https:\\\/\\\/www.homad.eu\\\/wp-content\\\/uploads\\\/2021\\\/06\\\/Oscar-1200x1200-1.jpg\",\"width\":1200,\"height\":1200},{\"@type\":\"BreadcrumbList\",\"@id\":\"https:\\\/\\\/www.homad.eu\\\/en\\\/product\\\/oscar\\\/#breadcrumb\",\"itemListElement\":[{\"@type\":\"ListItem\",\"position\":1,\"name\":\"\u0391\u03c1\u03c7\u03b9\u03ba\u03ae\",\"item\":\"https:\\\/\\\/www.homad.eu\\\/en\\\/\"},{\"@type\":\"ListItem\",\"position\":2,\"name\":\"Shop\",\"item\":\"https:\\\/\\\/www.homad.eu\\\/en\\\/shop\\\/\"},{\"@type\":\"ListItem\",\"position\":3,\"name\":\"Oscar\"}]},{\"@type\":\"WebSite\",\"@id\":\"https:\\\/\\\/www.homad.eu\\\/#website\",\"url\":\"https:\\\/\\\/www.homad.eu\\\/\",\"name\":\"homad\",\"description\":\"\",\"potentialAction\":[{\"@type\":\"SearchAction\",\"target\":{\"@type\":\"EntryPoint\",\"urlTemplate\":\"https:\\\/\\\/www.homad.eu\\\/?s={search_term_string}\"},\"query-input\":{\"@type\":\"PropertyValueSpecification\",\"valueRequired\":true,\"valueName\":\"search_term_string\"}}],\"inLanguage\":\"en-US\"}]}<\/script>\n<!-- \/ Yoast SEO plugin. -->","yoast_head_json":{"title":"Oscar - homad","robots":{"index":"index","follow":"follow","max-snippet":"max-snippet:-1","max-image-preview":"max-image-preview:large","max-video-preview":"max-video-preview:-1"},"canonical":"https:\/\/www.homad.eu\/en\/product\/oscar\/","og_locale":"en_US","og_type":"article","og_title":"Oscar - homad","og_description":"Coffee tables with a metal base in powder coating (various colours), copper or brass. The table surface can be in ceramic (matte or glossy), walnut, smoked eucalyptus, oak or lacquered wood in different colours.  Dimensions (in cm): Oval 120xW80xH30, Round \u00d8100 H 37, \u00d880 H37 , \u00d860 H41 and \u00d845 H45","og_url":"https:\/\/www.homad.eu\/en\/product\/oscar\/","og_site_name":"homad","article_modified_time":"2024-12-10T13:46:14+00:00","og_image":[{"width":1200,"height":1200,"url":"https:\/\/www.homad.eu\/wp-content\/uploads\/2021\/06\/Oscar_List.jpg","type":"image\/jpeg"}],"twitter_card":"summary_large_image","twitter_misc":{"Est. reading time":"1 minute"},"schema":{"@context":"https:\/\/schema.org","@graph":[{"@type":"WebPage","@id":"https:\/\/www.homad.eu\/en\/product\/oscar\/","url":"https:\/\/www.homad.eu\/en\/product\/oscar\/","name":"Oscar - homad","isPartOf":{"@id":"https:\/\/www.homad.eu\/#website"},"primaryImageOfPage":{"@id":"https:\/\/www.homad.eu\/en\/product\/oscar\/#primaryimage"},"image":{"@id":"https:\/\/www.homad.eu\/en\/product\/oscar\/#primaryimage"},"thumbnailUrl":"https:\/\/www.homad.eu\/wp-content\/uploads\/2021\/06\/Oscar-1200x1200-1.jpg","datePublished":"2021-06-14T12:09:14+00:00","dateModified":"2024-12-10T13:46:14+00:00","breadcrumb":{"@id":"https:\/\/www.homad.eu\/en\/product\/oscar\/#breadcrumb"},"inLanguage":"en-US","potentialAction":[{"@type":"ReadAction","target":["https:\/\/www.homad.eu\/en\/product\/oscar\/"]}]},{"@type":"ImageObject","inLanguage":"en-US","@id":"https:\/\/www.homad.eu\/en\/product\/oscar\/#primaryimage","url":"https:\/\/www.homad.eu\/wp-content\/uploads\/2021\/06\/Oscar-1200x1200-1.jpg","contentUrl":"https:\/\/www.homad.eu\/wp-content\/uploads\/2021\/06\/Oscar-1200x1200-1.jpg","width":1200,"height":1200},{"@type":"BreadcrumbList","@id":"https:\/\/www.homad.eu\/en\/product\/oscar\/#breadcrumb","itemListElement":[{"@type":"ListItem","position":1,"name":"\u0391\u03c1\u03c7\u03b9\u03ba\u03ae","item":"https:\/\/www.homad.eu\/en\/"},{"@type":"ListItem","position":2,"name":"Shop","item":"https:\/\/www.homad.eu\/en\/shop\/"},{"@type":"ListItem","position":3,"name":"Oscar"}]},{"@type":"WebSite","@id":"https:\/\/www.homad.eu\/#website","url":"https:\/\/www.homad.eu\/","name":"homad","description":"","potentialAction":[{"@type":"SearchAction","target":{"@type":"EntryPoint","urlTemplate":"https:\/\/www.homad.eu\/?s={search_term_string}"},"query-input":{"@type":"PropertyValueSpecification","valueRequired":true,"valueName":"search_term_string"}}],"inLanguage":"en-US"}]}},"_links":{"self":[{"href":"https:\/\/www.homad.eu\/en\/wp-json\/wp\/v2\/product\/4581","targetHints":{"allow":["GET"]}}],"collection":[{"href":"https:\/\/www.homad.eu\/en\/wp-json\/wp\/v2\/product"}],"about":[{"href":"https:\/\/www.homad.eu\/en\/wp-json\/wp\/v2\/types\/product"}],"wp:featuredmedia":[{"embeddable":true,"href":"https:\/\/www.homad.eu\/en\/wp-json\/wp\/v2\/media\/10798"}],"wp:attachment":[{"href":"https:\/\/www.homad.eu\/en\/wp-json\/wp\/v2\/media?parent=4581"}],"wp:term":[{"taxonomy":"product_cat","embeddable":true,"href":"https:\/\/www.homad.eu\/en\/wp-json\/wp\/v2\/product_cat?post=4581"},{"taxonomy":"product_tag","embeddable":true,"href":"https:\/\/www.homad.eu\/en\/wp-json\/wp\/v2\/product_tag?post=4581"}],"curies":[{"name":"wp","href":"https:\/\/api.w.org\/{rel}","templated":true}]}}