{"id":6749,"date":"2023-05-29T10:15:17","date_gmt":"2023-05-29T07:15:17","guid":{"rendered":"https:\/\/www.homad.eu\/?post_type=product&#038;p=6749"},"modified":"2024-12-10T15:38:22","modified_gmt":"2024-12-10T13:38:22","slug":"robusto","status":"publish","type":"product","link":"https:\/\/www.homad.eu\/en\/product\/robusto\/","title":{"rendered":"Robusto"},"excerpt":{"rendered":"<p>Two-level coffee table with metal joints (in electrostatic painting or plating). The surfaces are available in wood (walnut, smoked eucalyptus, oak in various colors) or ceramic. The base surface is always made of wood.<\/p>\n<p>Dimensions (in cm): 120x\u0392120xH35,5, \u00d8120xH35,5, 100x\u0392100xxH35,5, \u00d8100xH35,5, 80x\u039280xH35,5, \u00d880xH35,5, \u00d860xH35,5, \u00d845xH35,5<\/p>\n","protected":false},"featured_media":6775,"template":"","product_cat":[3114,816,812],"product_tag":[],"class_list":["post-6749","product","type-product","status-publish","has-post-thumbnail","hentry","product_cat-configurator-en","product_cat-coffee-tables","product_cat-living-room"],"acf":[],"yoast_head":"<!-- This site is optimized with the Yoast SEO plugin v27.3 - https:\/\/yoast.com\/product\/yoast-seo-wordpress\/ -->\n<title>Robusto - homad<\/title>\n<meta name=\"robots\" content=\"index, follow, max-snippet:-1, max-image-preview:large, max-video-preview:-1\" \/>\n<link rel=\"canonical\" href=\"https:\/\/www.homad.eu\/en\/product\/robusto\/\" \/>\n<meta property=\"og:locale\" content=\"en_US\" \/>\n<meta property=\"og:type\" content=\"article\" \/>\n<meta property=\"og:title\" content=\"Robusto - homad\" \/>\n<meta property=\"og:description\" content=\"Two-level coffee table with metal joints (in electrostatic painting or plating). The surfaces are available in wood (walnut, smoked eucalyptus, oak in various colors) or ceramic. The base surface is always made of wood.  Dimensions (in cm): 120x\u0392120xH35,5, \u00d8120xH35,5, 100x\u0392100xxH35,5, \u00d8100xH35,5, 80x\u039280xH35,5, \u00d880xH35,5, \u00d860xH35,5, \u00d845xH35,5\" \/>\n<meta property=\"og:url\" content=\"https:\/\/www.homad.eu\/en\/product\/robusto\/\" \/>\n<meta property=\"og:site_name\" content=\"homad\" \/>\n<meta property=\"article:modified_time\" content=\"2024-12-10T13:38:22+00:00\" \/>\n<meta property=\"og:image\" content=\"https:\/\/www.homad.eu\/wp-content\/uploads\/2023\/05\/Robusto_19_1080x1080.jpg\" \/>\n\t<meta property=\"og:image:width\" content=\"1080\" \/>\n\t<meta property=\"og:image:height\" content=\"1080\" \/>\n\t<meta property=\"og:image:type\" content=\"image\/jpeg\" \/>\n<meta name=\"twitter:card\" content=\"summary_large_image\" \/>\n<meta name=\"twitter:label1\" content=\"Est. reading time\" \/>\n\t<meta name=\"twitter:data1\" content=\"1 minute\" \/>\n<script type=\"application\/ld+json\" class=\"yoast-schema-graph\">{\"@context\":\"https:\\\/\\\/schema.org\",\"@graph\":[{\"@type\":\"WebPage\",\"@id\":\"https:\\\/\\\/www.homad.eu\\\/en\\\/product\\\/robusto\\\/\",\"url\":\"https:\\\/\\\/www.homad.eu\\\/en\\\/product\\\/robusto\\\/\",\"name\":\"Robusto - homad\",\"isPartOf\":{\"@id\":\"https:\\\/\\\/www.homad.eu\\\/#website\"},\"primaryImageOfPage\":{\"@id\":\"https:\\\/\\\/www.homad.eu\\\/en\\\/product\\\/robusto\\\/#primaryimage\"},\"image\":{\"@id\":\"https:\\\/\\\/www.homad.eu\\\/en\\\/product\\\/robusto\\\/#primaryimage\"},\"thumbnailUrl\":\"https:\\\/\\\/www.homad.eu\\\/wp-content\\\/uploads\\\/2023\\\/05\\\/Robusto_19_1080x1080.jpg\",\"datePublished\":\"2023-05-29T07:15:17+00:00\",\"dateModified\":\"2024-12-10T13:38:22+00:00\",\"breadcrumb\":{\"@id\":\"https:\\\/\\\/www.homad.eu\\\/en\\\/product\\\/robusto\\\/#breadcrumb\"},\"inLanguage\":\"en-US\",\"potentialAction\":[{\"@type\":\"ReadAction\",\"target\":[\"https:\\\/\\\/www.homad.eu\\\/en\\\/product\\\/robusto\\\/\"]}]},{\"@type\":\"ImageObject\",\"inLanguage\":\"en-US\",\"@id\":\"https:\\\/\\\/www.homad.eu\\\/en\\\/product\\\/robusto\\\/#primaryimage\",\"url\":\"https:\\\/\\\/www.homad.eu\\\/wp-content\\\/uploads\\\/2023\\\/05\\\/Robusto_19_1080x1080.jpg\",\"contentUrl\":\"https:\\\/\\\/www.homad.eu\\\/wp-content\\\/uploads\\\/2023\\\/05\\\/Robusto_19_1080x1080.jpg\",\"width\":1080,\"height\":1080},{\"@type\":\"BreadcrumbList\",\"@id\":\"https:\\\/\\\/www.homad.eu\\\/en\\\/product\\\/robusto\\\/#breadcrumb\",\"itemListElement\":[{\"@type\":\"ListItem\",\"position\":1,\"name\":\"\u0391\u03c1\u03c7\u03b9\u03ba\u03ae\",\"item\":\"https:\\\/\\\/www.homad.eu\\\/en\\\/\"},{\"@type\":\"ListItem\",\"position\":2,\"name\":\"Shop\",\"item\":\"https:\\\/\\\/www.homad.eu\\\/en\\\/shop\\\/\"},{\"@type\":\"ListItem\",\"position\":3,\"name\":\"Robusto\"}]},{\"@type\":\"WebSite\",\"@id\":\"https:\\\/\\\/www.homad.eu\\\/#website\",\"url\":\"https:\\\/\\\/www.homad.eu\\\/\",\"name\":\"homad\",\"description\":\"\",\"potentialAction\":[{\"@type\":\"SearchAction\",\"target\":{\"@type\":\"EntryPoint\",\"urlTemplate\":\"https:\\\/\\\/www.homad.eu\\\/?s={search_term_string}\"},\"query-input\":{\"@type\":\"PropertyValueSpecification\",\"valueRequired\":true,\"valueName\":\"search_term_string\"}}],\"inLanguage\":\"en-US\"}]}<\/script>\n<!-- \/ Yoast SEO plugin. -->","yoast_head_json":{"title":"Robusto - homad","robots":{"index":"index","follow":"follow","max-snippet":"max-snippet:-1","max-image-preview":"max-image-preview:large","max-video-preview":"max-video-preview:-1"},"canonical":"https:\/\/www.homad.eu\/en\/product\/robusto\/","og_locale":"en_US","og_type":"article","og_title":"Robusto - homad","og_description":"Two-level coffee table with metal joints (in electrostatic painting or plating). The surfaces are available in wood (walnut, smoked eucalyptus, oak in various colors) or ceramic. The base surface is always made of wood.  Dimensions (in cm): 120x\u0392120xH35,5, \u00d8120xH35,5, 100x\u0392100xxH35,5, \u00d8100xH35,5, 80x\u039280xH35,5, \u00d880xH35,5, \u00d860xH35,5, \u00d845xH35,5","og_url":"https:\/\/www.homad.eu\/en\/product\/robusto\/","og_site_name":"homad","article_modified_time":"2024-12-10T13:38:22+00:00","og_image":[{"width":1080,"height":1080,"url":"https:\/\/www.homad.eu\/wp-content\/uploads\/2023\/05\/Robusto_19_1080x1080.jpg","type":"image\/jpeg"}],"twitter_card":"summary_large_image","twitter_misc":{"Est. reading time":"1 minute"},"schema":{"@context":"https:\/\/schema.org","@graph":[{"@type":"WebPage","@id":"https:\/\/www.homad.eu\/en\/product\/robusto\/","url":"https:\/\/www.homad.eu\/en\/product\/robusto\/","name":"Robusto - homad","isPartOf":{"@id":"https:\/\/www.homad.eu\/#website"},"primaryImageOfPage":{"@id":"https:\/\/www.homad.eu\/en\/product\/robusto\/#primaryimage"},"image":{"@id":"https:\/\/www.homad.eu\/en\/product\/robusto\/#primaryimage"},"thumbnailUrl":"https:\/\/www.homad.eu\/wp-content\/uploads\/2023\/05\/Robusto_19_1080x1080.jpg","datePublished":"2023-05-29T07:15:17+00:00","dateModified":"2024-12-10T13:38:22+00:00","breadcrumb":{"@id":"https:\/\/www.homad.eu\/en\/product\/robusto\/#breadcrumb"},"inLanguage":"en-US","potentialAction":[{"@type":"ReadAction","target":["https:\/\/www.homad.eu\/en\/product\/robusto\/"]}]},{"@type":"ImageObject","inLanguage":"en-US","@id":"https:\/\/www.homad.eu\/en\/product\/robusto\/#primaryimage","url":"https:\/\/www.homad.eu\/wp-content\/uploads\/2023\/05\/Robusto_19_1080x1080.jpg","contentUrl":"https:\/\/www.homad.eu\/wp-content\/uploads\/2023\/05\/Robusto_19_1080x1080.jpg","width":1080,"height":1080},{"@type":"BreadcrumbList","@id":"https:\/\/www.homad.eu\/en\/product\/robusto\/#breadcrumb","itemListElement":[{"@type":"ListItem","position":1,"name":"\u0391\u03c1\u03c7\u03b9\u03ba\u03ae","item":"https:\/\/www.homad.eu\/en\/"},{"@type":"ListItem","position":2,"name":"Shop","item":"https:\/\/www.homad.eu\/en\/shop\/"},{"@type":"ListItem","position":3,"name":"Robusto"}]},{"@type":"WebSite","@id":"https:\/\/www.homad.eu\/#website","url":"https:\/\/www.homad.eu\/","name":"homad","description":"","potentialAction":[{"@type":"SearchAction","target":{"@type":"EntryPoint","urlTemplate":"https:\/\/www.homad.eu\/?s={search_term_string}"},"query-input":{"@type":"PropertyValueSpecification","valueRequired":true,"valueName":"search_term_string"}}],"inLanguage":"en-US"}]}},"_links":{"self":[{"href":"https:\/\/www.homad.eu\/en\/wp-json\/wp\/v2\/product\/6749","targetHints":{"allow":["GET"]}}],"collection":[{"href":"https:\/\/www.homad.eu\/en\/wp-json\/wp\/v2\/product"}],"about":[{"href":"https:\/\/www.homad.eu\/en\/wp-json\/wp\/v2\/types\/product"}],"wp:featuredmedia":[{"embeddable":true,"href":"https:\/\/www.homad.eu\/en\/wp-json\/wp\/v2\/media\/6775"}],"wp:attachment":[{"href":"https:\/\/www.homad.eu\/en\/wp-json\/wp\/v2\/media?parent=6749"}],"wp:term":[{"taxonomy":"product_cat","embeddable":true,"href":"https:\/\/www.homad.eu\/en\/wp-json\/wp\/v2\/product_cat?post=6749"},{"taxonomy":"product_tag","embeddable":true,"href":"https:\/\/www.homad.eu\/en\/wp-json\/wp\/v2\/product_tag?post=6749"}],"curies":[{"name":"wp","href":"https:\/\/api.w.org\/{rel}","templated":true}]}}